{"id":14272,"date":"2024-11-30T11:22:56","date_gmt":"2024-11-30T10:22:56","guid":{"rendered":"https:\/\/www.visitcogne.it\/homepage-fix\/"},"modified":"2024-11-30T12:05:49","modified_gmt":"2024-11-30T11:05:49","slug":"homepage-fix","status":"publish","type":"page","link":"https:\/\/www.visitcogne.it\/fr\/homepage-fix\/","title":{"rendered":"Homepage FIX"},"content":{"rendered":"","protected":false},"excerpt":{"rendered":"","protected":false},"author":2,"featured_media":0,"parent":0,"menu_order":0,"comment_status":"closed","ping_status":"closed","template":"","meta":{"_et_pb_use_builder":"off","_et_pb_old_content":"","_et_gb_content_width":"","_mo_disable_npp":"","_lmt_disableupdate":"","_lmt_disable":"","footnotes":""},"class_list":["post-14272","page","type-page","status-publish","hentry"],"toolset-meta":{"sezione-stagionale":{"stagione-titolo":{"type":"textfield","raw":"Cogne<br>World Cup"},"stagione-testo":{"type":"textarea","raw":"Cogne revient sur le devant de la sc\u00e8ne du 31 janvier au 2 f\u00e9vrier 2025 avec un spectacle incroyable, un festival mondial du ski \u00e9troit, pour petits et grands !"},"stagione-link":{"type":"url","raw":"https:\/\/eventsincogne.com\/COGNEWORLDCUP\/"},"stagione-immagine":{"type":"image","raw":"","attachment_id":null},"stagione-video":{"type":"video","raw":"","attachment_id":null}},"media":{"logo":{"type":"image","raw":"","attachment_id":null},"galleria-video":{"type":"embed","raw":[]},"galleria-foto":{"type":"image","raw":[""],"repeatable":[{"raw":""}]},"galleria-link":{"type":"textfield","raw":[""]},"galleria-allegati":{"type":"textfield","raw":[""]}}},"_links":{"self":[{"href":"https:\/\/www.visitcogne.it\/fr\/wp-json\/wp\/v2\/pages\/14272","targetHints":{"allow":["GET"]}}],"collection":[{"href":"https:\/\/www.visitcogne.it\/fr\/wp-json\/wp\/v2\/pages"}],"about":[{"href":"https:\/\/www.visitcogne.it\/fr\/wp-json\/wp\/v2\/types\/page"}],"author":[{"embeddable":true,"href":"https:\/\/www.visitcogne.it\/fr\/wp-json\/wp\/v2\/users\/2"}],"replies":[{"embeddable":true,"href":"https:\/\/www.visitcogne.it\/fr\/wp-json\/wp\/v2\/comments?post=14272"}],"version-history":[{"count":0,"href":"https:\/\/www.visitcogne.it\/fr\/wp-json\/wp\/v2\/pages\/14272\/revisions"}],"wp:attachment":[{"href":"https:\/\/www.visitcogne.it\/fr\/wp-json\/wp\/v2\/media?parent=14272"}],"curies":[{"name":"wp","href":"https:\/\/api.w.org\/{rel}","templated":true}]}}