{"id":12040,"date":"2024-06-11T14:43:52","date_gmt":"2024-06-11T12:43:52","guid":{"rendered":"https:\/\/www.visitcogne.it\/calendrier-des-evenements\/"},"modified":"2024-08-01T09:09:12","modified_gmt":"2024-08-01T07:09:12","slug":"calendrier-des-evenements","status":"publish","type":"page","link":"https:\/\/www.visitcogne.it\/fr\/calendrier-des-evenements\/","title":{"rendered":"calendrier des \u00e9v\u00e9nements"},"content":{"rendered":"<p>[et_pb_section fb_built=&#8221;1&#8243; custom_padding_last_edited=&#8221;on|tablet&#8221; _builder_version=&#8221;4.14.7&#8243; _module_preset=&#8221;default&#8221; background_color=&#8221;#A8C654&#8243; background_image=&#8221;http:\/\/cogneturismo.visamultimedia.it\/wp-content\/uploads\/2024\/06\/visit-cogne-esperienze-1.jpg&#8221; max_width=&#8221;90%&#8221; max_width_tablet=&#8221;100%&#8221; max_width_phone=&#8221;100%&#8221; max_width_last_edited=&#8221;on|tablet&#8221; module_alignment=&#8221;center&#8221; custom_margin=&#8221;||||false|false&#8221; custom_margin_tablet=&#8221;||0px||false|false&#8221; custom_margin_phone=&#8221;||0px||false|false&#8221; custom_margin_last_edited=&#8221;off|desktop&#8221; custom_padding=&#8221;180px||180px||true|false&#8221; custom_padding_tablet=&#8221;60px||60px||false|false&#8221; custom_padding_phone=&#8221;60px||||false|false&#8221; bottom_divider_color=&#8221;#FFFFFF&#8221; border_radii=&#8221;on|20px|20px|20px|20px&#8221; border_radii_tablet=&#8221;on|0px|0px|0px|0px&#8221; border_radii_phone=&#8221;on|0px|0px|0px|0px&#8221; border_radii_last_edited=&#8221;on|tablet&#8221; global_colors_info=&#8221;{}&#8221;][et_pb_row _builder_version=&#8221;4.24.3&#8243; _module_preset=&#8221;default&#8221; custom_margin=&#8221;|auto|0px|auto|false|false&#8221; custom_padding=&#8221;0px||0px|||&#8221; global_colors_info=&#8221;{}&#8221;][et_pb_column type=&#8221;4_4&#8243; _builder_version=&#8221;4.24.3&#8243; _module_preset=&#8221;default&#8221; custom_padding=&#8221;||||false|false&#8221; global_colors_info=&#8221;{}&#8221;][et_pb_text _builder_version=&#8221;4.24.3&#8243; _module_preset=&#8221;default&#8221; header_font=&#8221;|||on|||||&#8221; header_text_color=&#8221;#FFFFFF&#8221; custom_margin=&#8221;||0px||false|false&#8221; global_colors_info=&#8221;{}&#8221;]<\/p>\n<h1 style=\"text-align: center;\">calendrier<br \/>des \u00e9v\u00e9nements<\/h1>\n<p>[\/et_pb_text][et_pb_text _builder_version=&#8221;4.25.0&#8243; _module_preset=&#8221;default&#8221; header_3_text_color=&#8221;#FFFFFF&#8221; header_4_text_color=&#8221;#FFFFFF&#8221; animation_style=&#8221;slide&#8221; animation_direction=&#8221;right&#8221; animation_intensity_slide=&#8221;10%&#8221; global_colors_info=&#8221;{}&#8221;]<\/p>\n<h4 style=\"text-align: center;\">Propositions et initiatives<\/h4>\n<p>[\/et_pb_text][\/et_pb_column][\/et_pb_row][\/et_pb_section][et_pb_section fb_built=&#8221;1&#8243; custom_padding_last_edited=&#8221;on|tablet&#8221; _builder_version=&#8221;4.24.3&#8243; _module_preset=&#8221;default&#8221; background_enable_color=&#8221;off&#8221; module_alignment=&#8221;center&#8221; custom_margin=&#8221;||||false|false&#8221; custom_padding=&#8221;120px||120px||true|&#8221; custom_padding_tablet=&#8221;60px||60px||true|false&#8221; custom_padding_phone=&#8221;60px||60px||true|false&#8221; global_colors_info=&#8221;{}&#8221;][et_pb_row use_custom_gutter=&#8221;on&#8221; make_equal=&#8221;on&#8221; _builder_version=&#8221;4.24.2&#8243; custom_margin=&#8221;||||false|false&#8221; custom_padding=&#8221;0px||0px||true|&#8221; global_colors_info=&#8221;{}&#8221;][et_pb_column type=&#8221;4_4&#8243; _builder_version=&#8221;4.16&#8243; global_colors_info=&#8221;{}&#8221;][et_pb_text content_tablet=&#8221;<\/p>\n<p style=%22text-align: left;%22>S\u00e9jour de d\u00e9tente et bonne cuisine<\/p>\n<p>&#8221; content_phone=&#8221;<\/p>\n<p style=%22text-align: left;%22>S\u00e9jour de d\u00e9tente et bonne cuisine<\/p>\n<p>&#8221; content_last_edited=&#8221;off|desktop&#8221; module_id=&#8221;sottotitolo&#8221; module_class=&#8221;sottotitolo&#8221; _builder_version=&#8221;4.25.0&#8243; text_font=&#8221;Poppins|200|||||||&#8221; text_text_color=&#8221;#222222&#8243; text_font_size=&#8221;40px&#8221; text_line_height=&#8221;41.8px&#8221; max_width=&#8221;400px&#8221; module_alignment=&#8221;center&#8221; custom_margin=&#8221;||30px||false|false&#8221; custom_padding=&#8221;||||false|true&#8221; text_font_size_tablet=&#8221;30px&#8221; text_font_size_phone=&#8221;30px&#8221; text_font_size_last_edited=&#8221;on|tablet&#8221; text_line_height_tablet=&#8221;30px&#8221; text_line_height_phone=&#8221;30px&#8221; text_line_height_last_edited=&#8221;on|tablet&#8221; module_alignment_tablet=&#8221;left&#8221; module_alignment_phone=&#8221;left&#8221; module_alignment_last_edited=&#8221;on|tablet&#8221; global_colors_info=&#8221;{}&#8221;]<\/p>\n<p style=\"text-align: center;\">Calendrier online<\/p>\n<p>[\/et_pb_text][et_pb_text _builder_version=&#8221;4.25.0&#8243; _module_preset=&#8221;default&#8221; max_width=&#8221;800px&#8221; module_alignment=&#8221;center&#8221; global_colors_info=&#8221;{}&#8221;]<\/p>\n<p style=\"text-align: center;\">Consultez en ligne le calendrier des initiatives propos\u00e9es dans la Perle Alpine pour planifier votre s\u00e9jour de plaisir, de sport et de d\u00e9tente!<\/p>\n<p style=\"text-align: center;\">Le calendrier est constamment mis \u00e0 jour et peut \u00eatre sujet \u00e0 des changements.<\/p>\n<p>[\/et_pb_text][et_pb_code admin_label=&#8221;Bookeo script&#8221; _builder_version=&#8221;4.14.7&#8243; _module_preset=&#8221;default&#8221; global_colors_info=&#8221;{}&#8221;]<iframe loading=\"lazy\" src=\"https:\/\/calendar.google.com\/calendar\/embed?height=600&amp;wkst=2&amp;ctz=Europe%2FRome&amp;bgcolor=%23ffffff&amp;mode=MONTH&amp;showTz=0&amp;showCalendars=0&amp;src=MWY5NTA5YTMwMzkwMGQ4YzE3MzViNjQ3MWQzNjEyNGE1NzA3ZjMxYjA5Yjk1Y2IzYTIyYjYzY2EzZDFhYTM5NUBncm91cC5jYWxlbmRhci5nb29nbGUuY29t&amp;color=%23C0CA33\" style=\"border-width:0\" width=\"1200\" height=\"600\" frameborder=\"0\" scrolling=\"no\"><\/iframe>[\/et_pb_code][\/et_pb_column][\/et_pb_row][\/et_pb_section]<\/p>\n","protected":false},"excerpt":{"rendered":"<p>calendrierdes \u00e9v\u00e9nementsPropositions et initiativesCalendrier onlineConsultez en ligne le calendrier des initiatives propos\u00e9es dans la Perle Alpine pour planifier votre s\u00e9jour de plaisir, de sport et de d\u00e9tente! Le calendrier est constamment mis \u00e0 jour et peut \u00eatre sujet \u00e0 des changements.<\/p>\n","protected":false},"author":2,"featured_media":0,"parent":0,"menu_order":0,"comment_status":"closed","ping_status":"closed","template":"","meta":{"_et_pb_use_builder":"on","_et_pb_old_content":"","_et_gb_content_width":"","_mo_disable_npp":"","_lmt_disableupdate":"","_lmt_disable":"","footnotes":""},"class_list":["post-12040","page","type-page","status-publish","hentry"],"toolset-meta":{"sezione-stagionale":{"stagione-titolo":{"type":"textfield","raw":""},"stagione-testo":{"type":"textarea","raw":""},"stagione-link":{"type":"url","raw":""},"stagione-immagine":{"type":"image","raw":"","attachment_id":null},"stagione-video":{"type":"video","raw":"","attachment_id":null}},"media":{"logo":{"type":"image","raw":"","attachment_id":null},"galleria-video":{"type":"embed","raw":[""]},"galleria-foto":{"type":"image","raw":[""],"repeatable":[{"raw":""}]},"galleria-link":{"type":"textfield","raw":[""]},"galleria-allegati":{"type":"textfield","raw":[""]}}},"_links":{"self":[{"href":"https:\/\/www.visitcogne.it\/fr\/wp-json\/wp\/v2\/pages\/12040","targetHints":{"allow":["GET"]}}],"collection":[{"href":"https:\/\/www.visitcogne.it\/fr\/wp-json\/wp\/v2\/pages"}],"about":[{"href":"https:\/\/www.visitcogne.it\/fr\/wp-json\/wp\/v2\/types\/page"}],"author":[{"embeddable":true,"href":"https:\/\/www.visitcogne.it\/fr\/wp-json\/wp\/v2\/users\/2"}],"replies":[{"embeddable":true,"href":"https:\/\/www.visitcogne.it\/fr\/wp-json\/wp\/v2\/comments?post=12040"}],"version-history":[{"count":2,"href":"https:\/\/www.visitcogne.it\/fr\/wp-json\/wp\/v2\/pages\/12040\/revisions"}],"predecessor-version":[{"id":12042,"href":"https:\/\/www.visitcogne.it\/fr\/wp-json\/wp\/v2\/pages\/12040\/revisions\/12042"}],"wp:attachment":[{"href":"https:\/\/www.visitcogne.it\/fr\/wp-json\/wp\/v2\/media?parent=12040"}],"curies":[{"name":"wp","href":"https:\/\/api.w.org\/{rel}","templated":true}]}}