{"id":12011,"date":"2024-06-11T14:35:49","date_gmt":"2024-06-11T12:35:49","guid":{"rendered":"https:\/\/www.visitcogne.it\/le-consortium\/"},"modified":"2024-08-01T08:28:47","modified_gmt":"2024-08-01T06:28:47","slug":"le-consortium","status":"publish","type":"page","link":"https:\/\/www.visitcogne.it\/fr\/le-consortium\/","title":{"rendered":"Le Consortium"},"content":{"rendered":"<p>[et_pb_section fb_built=&#8221;1&#8243; custom_padding_last_edited=&#8221;on|tablet&#8221; _builder_version=&#8221;4.25.0&#8243; _module_preset=&#8221;default&#8221; background_color=&#8221;#A8C654&#8243; background_image=&#8221;http:\/\/cogneturismo.visamultimedia.it\/wp-content\/uploads\/2024\/06\/tsaplana-da-gimillian_71a7-1.jpg&#8221; max_width=&#8221;90%&#8221; max_width_tablet=&#8221;100%&#8221; max_width_phone=&#8221;100%&#8221; max_width_last_edited=&#8221;on|tablet&#8221; module_alignment=&#8221;center&#8221; custom_margin=&#8221;||||false|false&#8221; custom_margin_tablet=&#8221;||0px||false|false&#8221; custom_margin_phone=&#8221;||0px||false|false&#8221; custom_margin_last_edited=&#8221;off|desktop&#8221; custom_padding=&#8221;200px||200px||true|false&#8221; custom_padding_tablet=&#8221;60px||60px||false|false&#8221; custom_padding_phone=&#8221;60px||||false|false&#8221; bottom_divider_color=&#8221;#FFFFFF&#8221; border_radii=&#8221;on|20px|20px|20px|20px&#8221; border_radii_tablet=&#8221;on|0px|0px|0px|0px&#8221; border_radii_phone=&#8221;on|0px|0px|0px|0px&#8221; border_radii_last_edited=&#8221;on|tablet&#8221; global_colors_info=&#8221;{}&#8221;][et_pb_row _builder_version=&#8221;4.24.3&#8243; _module_preset=&#8221;default&#8221; custom_margin=&#8221;|auto|0px|auto|false|false&#8221; custom_padding=&#8221;0px||0px|||&#8221; global_colors_info=&#8221;{}&#8221;][et_pb_column type=&#8221;4_4&#8243; _builder_version=&#8221;4.24.3&#8243; _module_preset=&#8221;default&#8221; custom_padding=&#8221;||||false|false&#8221; global_colors_info=&#8221;{}&#8221;][et_pb_text _builder_version=&#8221;4.24.3&#8243; _module_preset=&#8221;default&#8221; header_font=&#8221;|||on|||||&#8221; header_text_color=&#8221;#FFFFFF&#8221; custom_margin=&#8221;||0px||false|false&#8221; global_colors_info=&#8221;{}&#8221;]<\/p>\n<h1 style=\"text-align: center;\">Le Consortium<\/h1>\n<p>[\/et_pb_text][et_pb_text _builder_version=&#8221;4.25.0&#8243; _module_preset=&#8221;default&#8221; header_3_text_color=&#8221;#FFFFFF&#8221; header_4_text_color=&#8221;#FFFFFF&#8221; animation_style=&#8221;slide&#8221; animation_direction=&#8221;right&#8221; animation_intensity_slide=&#8221;10%&#8221; global_colors_info=&#8221;{}&#8221;]<\/p>\n<h4 style=\"text-align: center;\">Qui nous sommes<\/h4>\n<p>[\/et_pb_text][\/et_pb_column][\/et_pb_row][\/et_pb_section][et_pb_section fb_built=&#8221;1&#8243; custom_padding_last_edited=&#8221;on|tablet&#8221; _builder_version=&#8221;4.24.3&#8243; _module_preset=&#8221;default&#8221; background_enable_color=&#8221;off&#8221; module_alignment=&#8221;center&#8221; custom_margin=&#8221;||||false|false&#8221; custom_padding=&#8221;120px||120px||true|&#8221; custom_padding_tablet=&#8221;60px||60px||true|false&#8221; custom_padding_phone=&#8221;60px||60px||true|false&#8221; global_colors_info=&#8221;{}&#8221;][et_pb_row column_structure=&#8221;1_2,1_2&#8243; use_custom_gutter=&#8221;on&#8221; make_equal=&#8221;on&#8221; _builder_version=&#8221;4.24.2&#8243; custom_margin=&#8221;||||false|false&#8221; custom_padding=&#8221;0px||0px||true|&#8221; global_colors_info=&#8221;{}&#8221;][et_pb_column type=&#8221;1_2&#8243; _builder_version=&#8221;4.16&#8243; global_colors_info=&#8221;{}&#8221;][et_pb_text content_tablet=&#8221;<\/p>\n<p style=%22text-align: left;%22>S\u00e9jour de d\u00e9tente et bonne cuisine<\/p>\n<p>&#8221; content_phone=&#8221;<\/p>\n<p style=%22text-align: left;%22>S\u00e9jour de d\u00e9tente et bonne cuisine<\/p>\n<p>&#8221; content_last_edited=&#8221;on|phone&#8221; module_id=&#8221;sottotitolo&#8221; module_class=&#8221;sottotitolo&#8221; _builder_version=&#8221;4.24.2&#8243; text_font=&#8221;Poppins|200|||||||&#8221; text_text_color=&#8221;#222222&#8243; text_font_size=&#8221;40px&#8221; text_line_height=&#8221;41.8px&#8221; max_width=&#8221;400px&#8221; module_alignment=&#8221;right&#8221; custom_margin=&#8221;||30px||false|false&#8221; custom_padding=&#8221;||||false|true&#8221; text_font_size_tablet=&#8221;30px&#8221; text_font_size_phone=&#8221;30px&#8221; text_font_size_last_edited=&#8221;on|tablet&#8221; text_line_height_tablet=&#8221;30px&#8221; text_line_height_phone=&#8221;30px&#8221; text_line_height_last_edited=&#8221;on|tablet&#8221; module_alignment_tablet=&#8221;left&#8221; module_alignment_phone=&#8221;left&#8221; module_alignment_last_edited=&#8221;on|tablet&#8221; global_colors_info=&#8221;{}&#8221;]<\/p>\n<p style=\"text-align: right;\">Le Consortium<br \/>des op\u00e9rateurs touristiques<br \/>de la vall\u00e9e de Cogne<\/p>\n<p>[\/et_pb_text][et_pb_text content_tablet=&#8221;<\/p>\n<h3 style=%22text-align: left;%22>Hospitalit\u00e9 \u203a H\u00f4tel<\/p>\n<\/h3>\n<p>&#8221; content_phone=&#8221;<\/p>\n<h3 style=%22text-align: left;%22>Hospitalit\u00e9 \u203a H\u00f4tel<\/p>\n<\/h3>\n<p>&#8221; content_last_edited=&#8221;off|desktop&#8221; _builder_version=&#8221;4.25.0&#8243; custom_margin=&#8221;28px||28px||true|false&#8221; custom_padding=&#8221;||||false|false&#8221; animation_style=&#8221;slide&#8221; animation_direction=&#8221;left&#8221; global_colors_info=&#8221;{}&#8221;]<\/p>\n<h3 style=\"text-align: right;\">Qui nous sommes<\/h3>\n<p>[\/et_pb_text][et_pb_text _builder_version=&#8221;4.25.0&#8243; _module_preset=&#8221;default&#8221; max_width=&#8221;350px&#8221; module_alignment=&#8221;right&#8221; custom_margin=&#8221;||30px||false|false&#8221; global_colors_info=&#8221;{}&#8221;]<\/p>\n<p style=\"text-align: right;\">Le Consortium des op\u00e9rateurs touristiques de la vall\u00e9e de Cogne est la r\u00e9alit\u00e9 propos\u00e9e pour mener des activit\u00e9s de promotion et de marketing touristique.<\/p>\n<p>[\/et_pb_text][\/et_pb_column][et_pb_column type=&#8221;1_2&#8243; _builder_version=&#8221;4.24.2&#8243; custom_padding=&#8221;60px||||false|false&#8221; custom_padding_tablet=&#8221;10px||||false|false&#8221; custom_padding_phone=&#8221;10px||||false|false&#8221; custom_padding_last_edited=&#8221;on|phone&#8221; global_colors_info=&#8221;{}&#8221;][et_pb_image src=&#8221;http:\/\/cogneturismo.visamultimedia.it\/wp-content\/uploads\/2024\/04\/dettaglio.png&#8221; title_text=&#8221;d\u00e9tail&#8221; _builder_version=&#8221;4.24.2&#8243; _module_preset=&#8221;default&#8221; max_width=&#8221;60px&#8221; module_alignment=&#8221;left&#8221; custom_margin=&#8221;||35px||false|false&#8221; animation_style=&#8221;slide&#8221; animation_direction=&#8221;right&#8221; locked=&#8221;off&#8221; global_colors_info=&#8221;{}&#8221;][\/et_pb_image][et_pb_text _builder_version=&#8221;4.25.0&#8243; _module_preset=&#8221;default&#8221; max_width=&#8221;350px&#8221; module_alignment=&#8221;left&#8221; custom_margin=&#8221;||||false|false&#8221; global_colors_info=&#8221;{}&#8221;]<\/p>\n<p>Gr\u00e2ce \u00e0 une large gamme de structures associ\u00e9es et en \u00e9troite synergie avec l\u2019administration municipale, Le Consortium con\u00e7oit et r\u00e9alise des \u00e9v\u00e9nements visant \u00e0 promouvoir le patrimoine naturel, historique et culturel du territoire associ\u00e9s \u00e0 une s\u00e9rie d\u2019offres promotionnelles.<\/p>\n<p>Le Consortium \u00e9largit ses horizons en se proposant non seulement comme point de r\u00e9f\u00e9rence de l\u2019hospitalit\u00e9 locale, mais en offrant \u00e0 ses clients une assistance directe, dans l\u2019organisation des vacances \u00e0 travers des solutions avantageuses.<\/p>\n<p>[\/et_pb_text][\/et_pb_column][\/et_pb_row][\/et_pb_section]<\/p>\n","protected":false},"excerpt":{"rendered":"<p>Le ConsortiumQui nous sommesLe Consortiumdes op\u00e9rateurs touristiquesde la vall\u00e9e de CogneQui nous sommesLe Consortium des op\u00e9rateurs touristiques de la vall\u00e9e de Cogne est la r\u00e9alit\u00e9 propos\u00e9e pour mener des activit\u00e9s de promotion et de marketing touristique.Gr\u00e2ce \u00e0 une large gamme de structures associ\u00e9es et en \u00e9troite synergie avec l\u2019administration municipale, Le Consortium con\u00e7oit et r\u00e9alise [&hellip;]<\/p>\n","protected":false},"author":2,"featured_media":0,"parent":0,"menu_order":0,"comment_status":"closed","ping_status":"closed","template":"","meta":{"_et_pb_use_builder":"on","_et_pb_old_content":"","_et_gb_content_width":"","_mo_disable_npp":"","_lmt_disableupdate":"","_lmt_disable":"","footnotes":""},"class_list":["post-12011","page","type-page","status-publish","hentry"],"toolset-meta":{"sezione-stagionale":{"stagione-titolo":{"type":"textfield","raw":""},"stagione-testo":{"type":"textarea","raw":""},"stagione-link":{"type":"url","raw":""},"stagione-immagine":{"type":"image","raw":"","attachment_id":null},"stagione-video":{"type":"video","raw":"","attachment_id":null}},"media":{"logo":{"type":"image","raw":"","attachment_id":null},"galleria-video":{"type":"embed","raw":[""]},"galleria-foto":{"type":"image","raw":[""],"repeatable":[{"raw":""}]},"galleria-link":{"type":"textfield","raw":[""]},"galleria-allegati":{"type":"textfield","raw":[""]}}},"_links":{"self":[{"href":"https:\/\/www.visitcogne.it\/fr\/wp-json\/wp\/v2\/pages\/12011","targetHints":{"allow":["GET"]}}],"collection":[{"href":"https:\/\/www.visitcogne.it\/fr\/wp-json\/wp\/v2\/pages"}],"about":[{"href":"https:\/\/www.visitcogne.it\/fr\/wp-json\/wp\/v2\/types\/page"}],"author":[{"embeddable":true,"href":"https:\/\/www.visitcogne.it\/fr\/wp-json\/wp\/v2\/users\/2"}],"replies":[{"embeddable":true,"href":"https:\/\/www.visitcogne.it\/fr\/wp-json\/wp\/v2\/comments?post=12011"}],"version-history":[{"count":2,"href":"https:\/\/www.visitcogne.it\/fr\/wp-json\/wp\/v2\/pages\/12011\/revisions"}],"predecessor-version":[{"id":12013,"href":"https:\/\/www.visitcogne.it\/fr\/wp-json\/wp\/v2\/pages\/12011\/revisions\/12013"}],"wp:attachment":[{"href":"https:\/\/www.visitcogne.it\/fr\/wp-json\/wp\/v2\/media?parent=12011"}],"curies":[{"name":"wp","href":"https:\/\/api.w.org\/{rel}","templated":true}]}}